{"id":2,"date":"2023-01-25T12:32:10","date_gmt":"2023-01-25T12:32:10","guid":{"rendered":"https:\/\/www.galicidad.com\/?page_id=2"},"modified":"2023-06-15T02:34:29","modified_gmt":"2023-06-15T02:34:29","slug":"sample-page","status":"publish","type":"page","link":"https:\/\/www.galicidad.com\/","title":{"rendered":"Galicidad"},"content":{"rendered":"\n<p class=\"has-text-align-center\">Experimenta la Aut\u00e9ntica Galicia: Un Destino Hecho a tu Medida<\/p>\n\n\n\n<p class=\"has-text-align-center\">La esencia de Galicia no solo se encuentra en su impresionante paisaje y riqueza cultural, sino tambi\u00e9n en las sensaciones que evoca, el latir de su autenticidad que resuena en cada rinc\u00f3n de esta tierra m\u00e1gica.<\/p>\n\n\n\n<p class=\"has-text-align-center\">Es ese sentimiento riqui\u00f1o, ese c\u00e1lido abrazo que te envuelve a medida que te acercas a Galicia, donde te acunas en el vaiv\u00e9n reconfortante de las olas de su mar. Aqu\u00ed, la aut\u00e9ntica esencia de la tierra se siente a trav\u00e9s de la piel de su gente, valiente y hospitalaria.<\/p>\n\n\n\n<p class=\"has-text-align-center\">El acento mel\u00f3dico y familiar te gu\u00eda a medida que te acostumbras a la llovizna persistente, un recordatorio suave y constante de la inextricable conexi\u00f3n de Galicia con la naturaleza.<\/p>\n\n\n\n<p class=\"has-text-align-center\">Descubrir el Patrimonio Oculto de Galicia es como desvelar un secreto celosamente guardado, un misterio envuelto en la belleza salvaje y la historia antigua. Los bosques gallegos te invitan a desconectar, a dejar atr\u00e1s el estr\u00e9s del d\u00eda a d\u00eda y sumergirte en un oasis de paz y naturaleza.<\/p>\n\n\n\n<p class=\"has-text-align-center\">En Galicia, dicen que cada uno elige su destino y, aqu\u00ed, hay uno que parece hecho a tu medida. \u00bfEres un amante del arte y la cultura? \u00bfO prefieres una aventura en la vasta y hermosa naturaleza? \u00bfO quiz\u00e1s anhelas un descanso en un balneario antes de saborear el mejor marisco del mundo?<\/p>\n\n\n\n<p class=\"has-text-align-center\">Aqu\u00ed, las ciudades est\u00e1n llenas de historia y vida, mientras que las r\u00edas y playas, los espacios naturales y los lugares perfectos para una excursi\u00f3n ofrecen una inigualable variedad de experiencias. Pero lo que hace de Galicia un lugar verdaderamente \u00fanico en el mundo son los \u00abimprescindibles\u00bb, esos momentos y lugares que definen su autenticidad.<\/p>\n\n\n\n<h2 class=\"wp-block-heading\">Galicia en Casa<\/h2>\n\n\n\n<p class=\"has-text-align-center\">\u00bfQuieres llevarte a casa un pedazo de Galicia? Estamos preparando una tienda en l\u00ednea, de las de antes, de las que tienen de todo y podr\u00e1s descubrir nuestra selecci\u00f3n de los productos m\u00e1s aut\u00e9nticos de Galicia. Desde exquisitas delicias gastron\u00f3micas hasta artesan\u00edas hechas a mano y joyas \u00fanicas, nuestro ecommerce te permite tener un trozo de Galicia, sin importar d\u00f3nde te encuentres.<\/p>\n\n\n\n<p class=\"has-text-align-center\">Ven y descubre tu Galicia, porque hay una Galicia para cada uno de nosotros<\/p>\n","protected":false},"excerpt":{"rendered":"<p>Experimenta la Aut\u00e9ntica Galicia: Un Destino Hecho a tu Medida La esencia de Galicia no solo se encuentra en su impresionante paisaje y riqueza cultural, sino tambi\u00e9n en las sensaciones que evoca, el latir de su autenticidad que resuena en cada rinc\u00f3n de esta tierra m\u00e1gica. Es ese sentimiento riqui\u00f1o, ese c\u00e1lido abrazo que te &#8230; <a title=\"Galicidad\" class=\"read-more\" href=\"https:\/\/www.galicidad.com\/\" aria-label=\"M\u00e1s en Galicidad\">Leer m\u00e1s<\/a><\/p>\n","protected":false},"author":1,"featured_media":0,"parent":0,"menu_order":0,"comment_status":"closed","ping_status":"open","template":"","meta":{"footnotes":""},"class_list":["post-2","page","type-page","status-publish"],"_links":{"self":[{"href":"https:\/\/www.galicidad.com\/index.php\/wp-json\/wp\/v2\/pages\/2","targetHints":{"allow":["GET"]}}],"collection":[{"href":"https:\/\/www.galicidad.com\/index.php\/wp-json\/wp\/v2\/pages"}],"about":[{"href":"https:\/\/www.galicidad.com\/index.php\/wp-json\/wp\/v2\/types\/page"}],"author":[{"embeddable":true,"href":"https:\/\/www.galicidad.com\/index.php\/wp-json\/wp\/v2\/users\/1"}],"replies":[{"embeddable":true,"href":"https:\/\/www.galicidad.com\/index.php\/wp-json\/wp\/v2\/comments?post=2"}],"version-history":[{"count":1,"href":"https:\/\/www.galicidad.com\/index.php\/wp-json\/wp\/v2\/pages\/2\/revisions"}],"predecessor-version":[{"id":9,"href":"https:\/\/www.galicidad.com\/index.php\/wp-json\/wp\/v2\/pages\/2\/revisions\/9"}],"wp:attachment":[{"href":"https:\/\/www.galicidad.com\/index.php\/wp-json\/wp\/v2\/media?parent=2"}],"curies":[{"name":"wp","href":"https:\/\/api.w.org\/{rel}","templated":true}]}}